{"id":49,"date":"2024-04-25T15:25:43","date_gmt":"2024-04-25T15:25:43","guid":{"rendered":"https:\/\/haapajarvenvanhainkotiyhdistys.fi\/?page_id=49"},"modified":"2024-04-25T15:27:51","modified_gmt":"2024-04-25T15:27:51","slug":"haapajarven-vanhainkotiyhdistys-ry","status":"publish","type":"page","link":"https:\/\/haapajarvenvanhainkotiyhdistys.fi\/","title":{"rendered":"Haapaj\u00e4rven Vanhainkotiyhdistys ry"},"content":{"rendered":"\n<p>Haapaj\u00e4rven Vanhainkotiyhdistyksen p\u00e4\u00e4toimintoja ovat asuntojen vuokraus sek\u00e4 hoito- ja hoivapalvelu kehitysvammaisille Kuonalantien ryhm\u00e4kodissa.<\/p>\n\n\n\n<p>Vanhainkotiyhdistyksen kiinteist\u00f6j\u00e4 on korjattu uusimalla ikkunoita ja ovia sek\u00e4 asuntojen sis\u00e4tiloja tarpeen mukaan. Kuonalantien asuntojen peruskorjaukseen saatiin ARA:lta (Asuntojen rahoitus- ja kehitt\u00e4miskeskus) avustus sek\u00e4 korkotuki lainaan. Peruskorjaus aloitettiin tammikuussa 2023.<\/p>\n\n\n\n<p>Tarjoamme voittoa tavoittelemattomana yleishy\u00f6dyllisen\u00e4 yhdistyksen\u00e4 asumispalveluja ensisijaisesti paikkakunnan vanhusv\u00e4est\u00f6lle ja vammaisille. Pyrimme pit\u00e4m\u00e4\u00e4n vuokratason edullisena.<\/p>\n\n\n\n<p>M\u00e4nnist\u00f6n- ja Koulukadun asuinalueilla on asuntoja 39. Kuonalantien asuinalueella on 64 asuntoa ja lis\u00e4ksi ryhm\u00e4kodissa 6 kehitysvammaisten palveluasuntoa.<\/p>\n\n\n\n<p>Kuonalantien kuntosalivuoroja tarjotaan paikkakunnalla asuville ik\u00e4ihmisille ja el\u00e4kel\u00e4isj\u00e4rjest\u00f6ille. Pyrimme kuntosalin toiminnalla edist\u00e4m\u00e4\u00e4n alueemme ik\u00e4\u00e4ntyv\u00e4n v\u00e4est\u00f6n sek\u00e4 vanhusten ja vammaisten toimintakyky\u00e4 terveysliikunnan keinoin. Teemme yhteisty\u00f6t\u00e4 hyvinvointialue Pohteen ja yhdistysten kanssa. Kuntosalimaksu pyrit\u00e4\u00e4n pit\u00e4m\u00e4\u00e4n edullisena, maksu on 2,00 \u20ac\/kerta.<\/p>\n\n\n\n<p>Kuonalantien ruokalan PPKY Sel\u00e4nteen kanssa tehty vuokrasopimus on siirtynyt hyvinvointialue Pohteelle. Ruokalatiloissa toimii kotihoitoa tukeva p\u00e4iv\u00e4toiminta.<br>Vanhainkotiyhdistys ja my\u00f6s muut yhdistykset voivat k\u00e4ytt\u00e4\u00e4 tilaa iltaisin yhteis\u00f6j\u00e4senmaksun 30,00 \u20ac\/vuosi maksettuaan.<\/p>\n\n\n\n<p>Pid\u00e4mme luottamukselliset suhteet eri yhteisty\u00f6tahoihin kuten Haapaj\u00e4rven kaupunkiin, seurakuntaan ja Pohteen organisaatioon. Kerromme yhdistyksemme toiminnasta eri tilaisuuksissa.<\/p>\n\n\n\n<p>Toimimme s\u00e4\u00e4nt\u00f6jemme mukaisesti vanhusten ja vammaisten elinolosuhteiden, hoitomahdollisuuksien ja asuinolojen parantamiseksi sek\u00e4 heid\u00e4n fyysisen, psyykkisen ja sosiaalisen hyvinvointinsa edist\u00e4miseksi.<\/p>\n","protected":false},"excerpt":{"rendered":"<p>Haapaj\u00e4rven Vanhainkotiyhdistyksen p\u00e4\u00e4toimintoja ovat asuntojen vuokraus sek\u00e4 hoito- ja hoivapalvelu kehitysvammaisille Kuonalantien ryhm\u00e4kodissa. Vanhainkotiyhdistyksen kiinteist\u00f6j\u00e4 on korjattu uusimalla ikkunoita ja ovia sek\u00e4 asuntojen sis\u00e4tiloja tarpeen mukaan. Kuonalantien asuntojen peruskorjaukseen saatiin ARA:lta (Asuntojen rahoitus- ja kehitt\u00e4miskeskus) avustus sek\u00e4 korkotuki lainaan. Peruskorjaus aloitettiin tammikuussa 2023. Tarjoamme voittoa tavoittelemattomana yleishy\u00f6dyllisen\u00e4 yhdistyksen\u00e4 asumispalveluja ensisijaisesti paikkakunnan vanhusv\u00e4est\u00f6lle ja vammaisille. Pyrimme &hellip; <\/p>\n<p class=\"link-more\"><a href=\"https:\/\/haapajarvenvanhainkotiyhdistys.fi\/\" class=\"more-link\">Jatka lukemista<span class=\"screen-reader-text\"> &#8221;Haapaj\u00e4rven Vanhainkotiyhdistys ry&#8221;<\/span><\/a><\/p>\n","protected":false},"author":1,"featured_media":0,"parent":0,"menu_order":1,"comment_status":"closed","ping_status":"closed","template":"","meta":{"footnotes":""},"class_list":["post-49","page","type-page","status-publish","hentry"],"yoast_head":"<!-- This site is optimized with the Yoast SEO plugin v22.5 - https:\/\/yoast.com\/wordpress\/plugins\/seo\/ -->\n<title>Haapaj\u00e4rven Vanhainkotiyhdistys ry - Haapaj\u00e4rven Vanhainkotiyhdistys<\/title>\n<meta name=\"robots\" content=\"index, follow, max-snippet:-1, max-image-preview:large, max-video-preview:-1\" \/>\n<link rel=\"canonical\" href=\"https:\/\/haapajarvenvanhainkotiyhdistys.fi\/\" \/>\n<meta property=\"og:locale\" content=\"fi_FI\" \/>\n<meta property=\"og:type\" content=\"article\" \/>\n<meta property=\"og:title\" content=\"Haapaj\u00e4rven Vanhainkotiyhdistys ry - Haapaj\u00e4rven Vanhainkotiyhdistys\" \/>\n<meta property=\"og:description\" content=\"Haapaj\u00e4rven Vanhainkotiyhdistyksen p\u00e4\u00e4toimintoja ovat asuntojen vuokraus sek\u00e4 hoito- ja hoivapalvelu kehitysvammaisille Kuonalantien ryhm\u00e4kodissa. Vanhainkotiyhdistyksen kiinteist\u00f6j\u00e4 on korjattu uusimalla ikkunoita ja ovia sek\u00e4 asuntojen sis\u00e4tiloja tarpeen mukaan. Kuonalantien asuntojen peruskorjaukseen saatiin ARA:lta (Asuntojen rahoitus- ja kehitt\u00e4miskeskus) avustus sek\u00e4 korkotuki lainaan. Peruskorjaus aloitettiin tammikuussa 2023. Tarjoamme voittoa tavoittelemattomana yleishy\u00f6dyllisen\u00e4 yhdistyksen\u00e4 asumispalveluja ensisijaisesti paikkakunnan vanhusv\u00e4est\u00f6lle ja vammaisille. Pyrimme &hellip; Jatka lukemista &quot;Haapaj\u00e4rven Vanhainkotiyhdistys ry&quot;\" \/>\n<meta property=\"og:url\" content=\"https:\/\/haapajarvenvanhainkotiyhdistys.fi\/\" \/>\n<meta property=\"og:site_name\" content=\"Haapaj\u00e4rven Vanhainkotiyhdistys\" \/>\n<meta property=\"article:modified_time\" content=\"2024-04-25T15:27:51+00:00\" \/>\n<meta name=\"twitter:card\" content=\"summary_large_image\" \/>\n<meta name=\"twitter:label1\" content=\"Arvioitu lukuaika\" \/>\n\t<meta name=\"twitter:data1\" content=\"2 minuuttia\" \/>\n<script type=\"application\/ld+json\" class=\"yoast-schema-graph\">{\"@context\":\"https:\/\/schema.org\",\"@graph\":[{\"@type\":\"WebPage\",\"@id\":\"https:\/\/haapajarvenvanhainkotiyhdistys.fi\/\",\"url\":\"https:\/\/haapajarvenvanhainkotiyhdistys.fi\/\",\"name\":\"Haapaj\u00e4rven Vanhainkotiyhdistys ry - Haapaj\u00e4rven Vanhainkotiyhdistys\",\"isPartOf\":{\"@id\":\"https:\/\/haapajarvenvanhainkotiyhdistys.fi\/#website\"},\"datePublished\":\"2024-04-25T15:25:43+00:00\",\"dateModified\":\"2024-04-25T15:27:51+00:00\",\"breadcrumb\":{\"@id\":\"https:\/\/haapajarvenvanhainkotiyhdistys.fi\/#breadcrumb\"},\"inLanguage\":\"fi\",\"potentialAction\":[{\"@type\":\"ReadAction\",\"target\":[\"https:\/\/haapajarvenvanhainkotiyhdistys.fi\/\"]}]},{\"@type\":\"BreadcrumbList\",\"@id\":\"https:\/\/haapajarvenvanhainkotiyhdistys.fi\/#breadcrumb\",\"itemListElement\":[{\"@type\":\"ListItem\",\"position\":1,\"name\":\"Etusivu\",\"item\":\"https:\/\/haapajarvenvanhainkotiyhdistys.fi\/\"},{\"@type\":\"ListItem\",\"position\":2,\"name\":\"Haapaj\u00e4rven Vanhainkotiyhdistys ry\"}]},{\"@type\":\"WebSite\",\"@id\":\"https:\/\/haapajarvenvanhainkotiyhdistys.fi\/#website\",\"url\":\"https:\/\/haapajarvenvanhainkotiyhdistys.fi\/\",\"name\":\"Haapaj\u00e4rven Vanhainkotiyhdistys\",\"description\":\"\",\"potentialAction\":[{\"@type\":\"SearchAction\",\"target\":{\"@type\":\"EntryPoint\",\"urlTemplate\":\"https:\/\/haapajarvenvanhainkotiyhdistys.fi\/?s={search_term_string}\"},\"query-input\":\"required name=search_term_string\"}],\"inLanguage\":\"fi\"}]}<\/script>\n<!-- \/ Yoast SEO plugin. -->","yoast_head_json":{"title":"Haapaj\u00e4rven Vanhainkotiyhdistys ry - Haapaj\u00e4rven Vanhainkotiyhdistys","robots":{"index":"index","follow":"follow","max-snippet":"max-snippet:-1","max-image-preview":"max-image-preview:large","max-video-preview":"max-video-preview:-1"},"canonical":"https:\/\/haapajarvenvanhainkotiyhdistys.fi\/","og_locale":"fi_FI","og_type":"article","og_title":"Haapaj\u00e4rven Vanhainkotiyhdistys ry - Haapaj\u00e4rven Vanhainkotiyhdistys","og_description":"Haapaj\u00e4rven Vanhainkotiyhdistyksen p\u00e4\u00e4toimintoja ovat asuntojen vuokraus sek\u00e4 hoito- ja hoivapalvelu kehitysvammaisille Kuonalantien ryhm\u00e4kodissa. Vanhainkotiyhdistyksen kiinteist\u00f6j\u00e4 on korjattu uusimalla ikkunoita ja ovia sek\u00e4 asuntojen sis\u00e4tiloja tarpeen mukaan. Kuonalantien asuntojen peruskorjaukseen saatiin ARA:lta (Asuntojen rahoitus- ja kehitt\u00e4miskeskus) avustus sek\u00e4 korkotuki lainaan. Peruskorjaus aloitettiin tammikuussa 2023. Tarjoamme voittoa tavoittelemattomana yleishy\u00f6dyllisen\u00e4 yhdistyksen\u00e4 asumispalveluja ensisijaisesti paikkakunnan vanhusv\u00e4est\u00f6lle ja vammaisille. Pyrimme &hellip; Jatka lukemista \"Haapaj\u00e4rven Vanhainkotiyhdistys ry\"","og_url":"https:\/\/haapajarvenvanhainkotiyhdistys.fi\/","og_site_name":"Haapaj\u00e4rven Vanhainkotiyhdistys","article_modified_time":"2024-04-25T15:27:51+00:00","twitter_card":"summary_large_image","twitter_misc":{"Arvioitu lukuaika":"2 minuuttia"},"schema":{"@context":"https:\/\/schema.org","@graph":[{"@type":"WebPage","@id":"https:\/\/haapajarvenvanhainkotiyhdistys.fi\/","url":"https:\/\/haapajarvenvanhainkotiyhdistys.fi\/","name":"Haapaj\u00e4rven Vanhainkotiyhdistys ry - Haapaj\u00e4rven Vanhainkotiyhdistys","isPartOf":{"@id":"https:\/\/haapajarvenvanhainkotiyhdistys.fi\/#website"},"datePublished":"2024-04-25T15:25:43+00:00","dateModified":"2024-04-25T15:27:51+00:00","breadcrumb":{"@id":"https:\/\/haapajarvenvanhainkotiyhdistys.fi\/#breadcrumb"},"inLanguage":"fi","potentialAction":[{"@type":"ReadAction","target":["https:\/\/haapajarvenvanhainkotiyhdistys.fi\/"]}]},{"@type":"BreadcrumbList","@id":"https:\/\/haapajarvenvanhainkotiyhdistys.fi\/#breadcrumb","itemListElement":[{"@type":"ListItem","position":1,"name":"Etusivu","item":"https:\/\/haapajarvenvanhainkotiyhdistys.fi\/"},{"@type":"ListItem","position":2,"name":"Haapaj\u00e4rven Vanhainkotiyhdistys ry"}]},{"@type":"WebSite","@id":"https:\/\/haapajarvenvanhainkotiyhdistys.fi\/#website","url":"https:\/\/haapajarvenvanhainkotiyhdistys.fi\/","name":"Haapaj\u00e4rven Vanhainkotiyhdistys","description":"","potentialAction":[{"@type":"SearchAction","target":{"@type":"EntryPoint","urlTemplate":"https:\/\/haapajarvenvanhainkotiyhdistys.fi\/?s={search_term_string}"},"query-input":"required name=search_term_string"}],"inLanguage":"fi"}]}},"_links":{"self":[{"href":"https:\/\/haapajarvenvanhainkotiyhdistys.fi\/index.php?rest_route=\/wp\/v2\/pages\/49","targetHints":{"allow":["GET"]}}],"collection":[{"href":"https:\/\/haapajarvenvanhainkotiyhdistys.fi\/index.php?rest_route=\/wp\/v2\/pages"}],"about":[{"href":"https:\/\/haapajarvenvanhainkotiyhdistys.fi\/index.php?rest_route=\/wp\/v2\/types\/page"}],"author":[{"embeddable":true,"href":"https:\/\/haapajarvenvanhainkotiyhdistys.fi\/index.php?rest_route=\/wp\/v2\/users\/1"}],"replies":[{"embeddable":true,"href":"https:\/\/haapajarvenvanhainkotiyhdistys.fi\/index.php?rest_route=%2Fwp%2Fv2%2Fcomments&post=49"}],"version-history":[{"count":1,"href":"https:\/\/haapajarvenvanhainkotiyhdistys.fi\/index.php?rest_route=\/wp\/v2\/pages\/49\/revisions"}],"predecessor-version":[{"id":50,"href":"https:\/\/haapajarvenvanhainkotiyhdistys.fi\/index.php?rest_route=\/wp\/v2\/pages\/49\/revisions\/50"}],"wp:attachment":[{"href":"https:\/\/haapajarvenvanhainkotiyhdistys.fi\/index.php?rest_route=%2Fwp%2Fv2%2Fmedia&parent=49"}],"curies":[{"name":"wp","href":"https:\/\/api.w.org\/{rel}","templated":true}]}}