{"id":15,"date":"2023-09-06T16:33:19","date_gmt":"2023-09-06T16:33:19","guid":{"rendered":"https:\/\/haapajarvenvanhainkotiyhdistys.fi\/?page_id=15"},"modified":"2024-04-25T15:28:08","modified_gmt":"2024-04-25T15:28:08","slug":"asuntojen-vuokraus","status":"publish","type":"page","link":"https:\/\/haapajarvenvanhainkotiyhdistys.fi\/?page_id=15","title":{"rendered":"Asuntojen vuokraus"},"content":{"rendered":"\n<p>Vuokra-asuntohakemukset: lataa k\u00e4sin t\u00e4ytett\u00e4v\u00e4 tai tietokoneella t\u00e4ytett\u00e4v\u00e4 vuokra-asuntohakemus alta.<\/p>\n\n\n\n<div data-wp-interactive=\"core\/file\" class=\"wp-block-file\"><object data-wp-bind--hidden=\"!state.hasPdfPreview\" hidden class=\"wp-block-file__embed\" data=\"https:\/\/haapajarvenvanhainkotiyhdistys.fi\/wp-content\/uploads\/2023\/09\/Vuokra-asuntohakemus-kasin-taytettava.pdf\" type=\"application\/pdf\" style=\"width:100%;height:600px\" aria-label=\"Tiedoston Vuokra-asuntohakemus-kasin-taytettava upotus.\"><\/object><a id=\"wp-block-file--media-d952ca56-debc-4451-8bb8-59913d7d2ae7\" href=\"https:\/\/haapajarvenvanhainkotiyhdistys.fi\/wp-content\/uploads\/2023\/09\/Vuokra-asuntohakemus-kasin-taytettava.pdf\">Vuokra-asuntohakemus-kasin-taytettava<\/a><a href=\"https:\/\/haapajarvenvanhainkotiyhdistys.fi\/wp-content\/uploads\/2023\/09\/Vuokra-asuntohakemus-kasin-taytettava.pdf\" class=\"wp-block-file__button wp-element-button\" download aria-describedby=\"wp-block-file--media-d952ca56-debc-4451-8bb8-59913d7d2ae7\">Lataa<\/a><\/div>\n\n\n\n<p style=\"font-style:normal;font-weight:400\"><\/p>\n\n\n\n<div data-wp-interactive=\"core\/file\" class=\"wp-block-file\"><object data-wp-bind--hidden=\"!state.hasPdfPreview\" hidden class=\"wp-block-file__embed\" data=\"https:\/\/haapajarvenvanhainkotiyhdistys.fi\/wp-content\/uploads\/2023\/09\/Vuokra-asuntohakemus-tietokoneella-taytettava.pdf\" type=\"application\/pdf\" style=\"width:100%;height:600px\" aria-label=\"Tiedoston Vuokra-asuntohakemus-tietokoneella-taytettava upotus.\"><\/object><a id=\"wp-block-file--media-ff49fffd-8528-43a2-b92c-4ed74ff047a1\" href=\"https:\/\/haapajarvenvanhainkotiyhdistys.fi\/wp-content\/uploads\/2023\/09\/Vuokra-asuntohakemus-tietokoneella-taytettava.pdf\">Vuokra-asuntohakemus-tietokoneella-taytettava<\/a><a href=\"https:\/\/haapajarvenvanhainkotiyhdistys.fi\/wp-content\/uploads\/2023\/09\/Vuokra-asuntohakemus-tietokoneella-taytettava.pdf\" class=\"wp-block-file__button wp-element-button\" download aria-describedby=\"wp-block-file--media-ff49fffd-8528-43a2-b92c-4ed74ff047a1\">Lataa<\/a><\/div>\n\n\n\n<p>Kuonalantien kuntosalivuorot 2023<\/p>\n\n\n\n<div data-wp-interactive=\"core\/file\" class=\"wp-block-file\"><object data-wp-bind--hidden=\"!state.hasPdfPreview\" hidden class=\"wp-block-file__embed\" data=\"https:\/\/haapajarvenvanhainkotiyhdistys.fi\/wp-content\/uploads\/2023\/09\/Kuntosalivuorot-2023.pdf\" type=\"application\/pdf\" style=\"width:100%;height:600px\" aria-label=\"Tiedoston Kuntosalivuorot-2023 upotus.\"><\/object><a id=\"wp-block-file--media-eb151294-99f9-465f-aa8b-8c0a66c4fbc2\" href=\"https:\/\/haapajarvenvanhainkotiyhdistys.fi\/wp-content\/uploads\/2023\/09\/Kuntosalivuorot-2023.pdf\">Kuntosalivuorot-2023<\/a><a href=\"https:\/\/haapajarvenvanhainkotiyhdistys.fi\/wp-content\/uploads\/2023\/09\/Kuntosalivuorot-2023.pdf\" class=\"wp-block-file__button wp-element-button\" download aria-describedby=\"wp-block-file--media-eb151294-99f9-465f-aa8b-8c0a66c4fbc2\">Lataa<\/a><\/div>\n","protected":false},"excerpt":{"rendered":"<p>Vuokra-asuntohakemukset: lataa k\u00e4sin t\u00e4ytett\u00e4v\u00e4 tai tietokoneella t\u00e4ytett\u00e4v\u00e4 vuokra-asuntohakemus alta. Kuonalantien kuntosalivuorot 2023<\/p>\n","protected":false},"author":1,"featured_media":0,"parent":0,"menu_order":2,"comment_status":"closed","ping_status":"closed","template":"","meta":{"footnotes":""},"class_list":["post-15","page","type-page","status-publish","hentry"],"yoast_head":"<!-- This site is optimized with the Yoast SEO plugin v22.5 - https:\/\/yoast.com\/wordpress\/plugins\/seo\/ -->\n<title>Asuntojen vuokraus - Haapaj\u00e4rven Vanhainkotiyhdistys<\/title>\n<meta name=\"robots\" content=\"index, follow, max-snippet:-1, max-image-preview:large, max-video-preview:-1\" \/>\n<link rel=\"canonical\" href=\"https:\/\/haapajarvenvanhainkotiyhdistys.fi\/?page_id=15\" \/>\n<meta property=\"og:locale\" content=\"fi_FI\" \/>\n<meta property=\"og:type\" content=\"article\" \/>\n<meta property=\"og:title\" content=\"Asuntojen vuokraus - Haapaj\u00e4rven Vanhainkotiyhdistys\" \/>\n<meta property=\"og:description\" content=\"Vuokra-asuntohakemukset: lataa k\u00e4sin t\u00e4ytett\u00e4v\u00e4 tai tietokoneella t\u00e4ytett\u00e4v\u00e4 vuokra-asuntohakemus alta. Kuonalantien kuntosalivuorot 2023\" \/>\n<meta property=\"og:url\" content=\"https:\/\/haapajarvenvanhainkotiyhdistys.fi\/?page_id=15\" \/>\n<meta property=\"og:site_name\" content=\"Haapaj\u00e4rven Vanhainkotiyhdistys\" \/>\n<meta property=\"article:modified_time\" content=\"2024-04-25T15:28:08+00:00\" \/>\n<meta name=\"twitter:card\" content=\"summary_large_image\" \/>\n<meta name=\"twitter:label1\" content=\"Arvioitu lukuaika\" \/>\n\t<meta name=\"twitter:data1\" content=\"1 minuutti\" \/>\n<script type=\"application\/ld+json\" class=\"yoast-schema-graph\">{\"@context\":\"https:\/\/schema.org\",\"@graph\":[{\"@type\":\"WebPage\",\"@id\":\"https:\/\/haapajarvenvanhainkotiyhdistys.fi\/?page_id=15\",\"url\":\"https:\/\/haapajarvenvanhainkotiyhdistys.fi\/?page_id=15\",\"name\":\"Asuntojen vuokraus - Haapaj\u00e4rven Vanhainkotiyhdistys\",\"isPartOf\":{\"@id\":\"https:\/\/haapajarvenvanhainkotiyhdistys.fi\/#website\"},\"datePublished\":\"2023-09-06T16:33:19+00:00\",\"dateModified\":\"2024-04-25T15:28:08+00:00\",\"breadcrumb\":{\"@id\":\"https:\/\/haapajarvenvanhainkotiyhdistys.fi\/?page_id=15#breadcrumb\"},\"inLanguage\":\"fi\",\"potentialAction\":[{\"@type\":\"ReadAction\",\"target\":[\"https:\/\/haapajarvenvanhainkotiyhdistys.fi\/?page_id=15\"]}]},{\"@type\":\"BreadcrumbList\",\"@id\":\"https:\/\/haapajarvenvanhainkotiyhdistys.fi\/?page_id=15#breadcrumb\",\"itemListElement\":[{\"@type\":\"ListItem\",\"position\":1,\"name\":\"Etusivu\",\"item\":\"https:\/\/haapajarvenvanhainkotiyhdistys.fi\/\"},{\"@type\":\"ListItem\",\"position\":2,\"name\":\"Asuntojen vuokraus\"}]},{\"@type\":\"WebSite\",\"@id\":\"https:\/\/haapajarvenvanhainkotiyhdistys.fi\/#website\",\"url\":\"https:\/\/haapajarvenvanhainkotiyhdistys.fi\/\",\"name\":\"Haapaj\u00e4rven Vanhainkotiyhdistys\",\"description\":\"\",\"potentialAction\":[{\"@type\":\"SearchAction\",\"target\":{\"@type\":\"EntryPoint\",\"urlTemplate\":\"https:\/\/haapajarvenvanhainkotiyhdistys.fi\/?s={search_term_string}\"},\"query-input\":\"required name=search_term_string\"}],\"inLanguage\":\"fi\"}]}<\/script>\n<!-- \/ Yoast SEO plugin. -->","yoast_head_json":{"title":"Asuntojen vuokraus - Haapaj\u00e4rven Vanhainkotiyhdistys","robots":{"index":"index","follow":"follow","max-snippet":"max-snippet:-1","max-image-preview":"max-image-preview:large","max-video-preview":"max-video-preview:-1"},"canonical":"https:\/\/haapajarvenvanhainkotiyhdistys.fi\/?page_id=15","og_locale":"fi_FI","og_type":"article","og_title":"Asuntojen vuokraus - Haapaj\u00e4rven Vanhainkotiyhdistys","og_description":"Vuokra-asuntohakemukset: lataa k\u00e4sin t\u00e4ytett\u00e4v\u00e4 tai tietokoneella t\u00e4ytett\u00e4v\u00e4 vuokra-asuntohakemus alta. Kuonalantien kuntosalivuorot 2023","og_url":"https:\/\/haapajarvenvanhainkotiyhdistys.fi\/?page_id=15","og_site_name":"Haapaj\u00e4rven Vanhainkotiyhdistys","article_modified_time":"2024-04-25T15:28:08+00:00","twitter_card":"summary_large_image","twitter_misc":{"Arvioitu lukuaika":"1 minuutti"},"schema":{"@context":"https:\/\/schema.org","@graph":[{"@type":"WebPage","@id":"https:\/\/haapajarvenvanhainkotiyhdistys.fi\/?page_id=15","url":"https:\/\/haapajarvenvanhainkotiyhdistys.fi\/?page_id=15","name":"Asuntojen vuokraus - Haapaj\u00e4rven Vanhainkotiyhdistys","isPartOf":{"@id":"https:\/\/haapajarvenvanhainkotiyhdistys.fi\/#website"},"datePublished":"2023-09-06T16:33:19+00:00","dateModified":"2024-04-25T15:28:08+00:00","breadcrumb":{"@id":"https:\/\/haapajarvenvanhainkotiyhdistys.fi\/?page_id=15#breadcrumb"},"inLanguage":"fi","potentialAction":[{"@type":"ReadAction","target":["https:\/\/haapajarvenvanhainkotiyhdistys.fi\/?page_id=15"]}]},{"@type":"BreadcrumbList","@id":"https:\/\/haapajarvenvanhainkotiyhdistys.fi\/?page_id=15#breadcrumb","itemListElement":[{"@type":"ListItem","position":1,"name":"Etusivu","item":"https:\/\/haapajarvenvanhainkotiyhdistys.fi\/"},{"@type":"ListItem","position":2,"name":"Asuntojen vuokraus"}]},{"@type":"WebSite","@id":"https:\/\/haapajarvenvanhainkotiyhdistys.fi\/#website","url":"https:\/\/haapajarvenvanhainkotiyhdistys.fi\/","name":"Haapaj\u00e4rven Vanhainkotiyhdistys","description":"","potentialAction":[{"@type":"SearchAction","target":{"@type":"EntryPoint","urlTemplate":"https:\/\/haapajarvenvanhainkotiyhdistys.fi\/?s={search_term_string}"},"query-input":"required name=search_term_string"}],"inLanguage":"fi"}]}},"_links":{"self":[{"href":"https:\/\/haapajarvenvanhainkotiyhdistys.fi\/index.php?rest_route=\/wp\/v2\/pages\/15","targetHints":{"allow":["GET"]}}],"collection":[{"href":"https:\/\/haapajarvenvanhainkotiyhdistys.fi\/index.php?rest_route=\/wp\/v2\/pages"}],"about":[{"href":"https:\/\/haapajarvenvanhainkotiyhdistys.fi\/index.php?rest_route=\/wp\/v2\/types\/page"}],"author":[{"embeddable":true,"href":"https:\/\/haapajarvenvanhainkotiyhdistys.fi\/index.php?rest_route=\/wp\/v2\/users\/1"}],"replies":[{"embeddable":true,"href":"https:\/\/haapajarvenvanhainkotiyhdistys.fi\/index.php?rest_route=%2Fwp%2Fv2%2Fcomments&post=15"}],"version-history":[{"count":6,"href":"https:\/\/haapajarvenvanhainkotiyhdistys.fi\/index.php?rest_route=\/wp\/v2\/pages\/15\/revisions"}],"predecessor-version":[{"id":52,"href":"https:\/\/haapajarvenvanhainkotiyhdistys.fi\/index.php?rest_route=\/wp\/v2\/pages\/15\/revisions\/52"}],"wp:attachment":[{"href":"https:\/\/haapajarvenvanhainkotiyhdistys.fi\/index.php?rest_route=%2Fwp%2Fv2%2Fmedia&parent=15"}],"curies":[{"name":"wp","href":"https:\/\/api.w.org\/{rel}","templated":true}]}}